{"id":6795,"date":"2025-03-14T10:30:18","date_gmt":"2025-03-14T09:30:18","guid":{"rendered":"https:\/\/lesuccloises.be\/?page_id=6795"},"modified":"2025-03-14T10:32:24","modified_gmt":"2025-03-14T09:32:24","slug":"connect","status":"publish","type":"page","link":"https:\/\/lesuccloises.be\/index.php\/connect\/","title":{"rendered":"CONNECT."},"content":{"rendered":"\t\t<div data-elementor-type=\"wp-page\" data-elementor-id=\"6795\" class=\"elementor elementor-6795\" data-elementor-post-type=\"page\">\n\t\t\t\t<div class=\"elementor-element elementor-element-f24ce27 e-grid e-con-boxed e-con e-parent\" data-id=\"f24ce27\" data-element_type=\"container\">\n\t\t\t\t\t<div class=\"e-con-inner\">\n\t\t\t\t<div class=\"elementor-element elementor-element-d5740e1 elementor-widget elementor-widget-text-editor\" data-id=\"d5740e1\" data-element_type=\"widget\" data-widget_type=\"text-editor.default\">\n\t\t\t\t<div class=\"elementor-widget-container\">\n\t\t\t\t\t\t\t\t\t<p data-pm-slice=\"1 1 []\">Trouvez des <strong>commerces et initiatives locales<\/strong> qui vous ressemblent et rencontrez des femmes inspirantes.<\/p><p>\ud83d\udcbc <strong>Les partenaires des Uccloises :<\/strong><\/p><ul><li>Boutiques, restaurants &amp; cr\u00e9atrices locales<\/li><li>Artistes &amp; musiciens de la r\u00e9gion<\/li><li>Entrepreneurs &amp; services de proximit\u00e9<\/li><\/ul><p>\ud83d\udce2 <strong>Success Stories<\/strong> : D\u00e9couvrez les parcours d\u2019Uccloises qui font bouger notre communaut\u00e9.<\/p>\t\t\t\t\t\t\t\t<\/div>\n\t\t\t\t<\/div>\n\t\t\t\t<div class=\"elementor-element elementor-element-36716b2 elementor-widget elementor-widget-image\" data-id=\"36716b2\" data-element_type=\"widget\" data-widget_type=\"image.default\">\n\t\t\t\t<div class=\"elementor-widget-container\">\n\t\t\t\t\t\t\t\t\t\t\t\t\t\t\t<img fetchpriority=\"high\" decoding=\"async\" width=\"640\" height=\"640\" src=\"https:\/\/lesuccloises.be\/wp-content\/uploads\/2025\/03\/Connect.png\" class=\"attachment-large size-large wp-image-6739\" alt=\"\" srcset=\"https:\/\/lesuccloises.be\/wp-content\/uploads\/2025\/03\/Connect.png 640w, https:\/\/lesuccloises.be\/wp-content\/uploads\/2025\/03\/Connect-300x300.png 300w, https:\/\/lesuccloises.be\/wp-content\/uploads\/2025\/03\/Connect-150x150.png 150w, https:\/\/lesuccloises.be\/wp-content\/uploads\/2025\/03\/Connect-600x600.png 600w\" sizes=\"100vw\" \/>\t\t\t\t\t\t\t\t\t\t\t\t\t\t\t<\/div>\n\t\t\t\t<\/div>\n\t\t\t\t\t<\/div>\n\t\t\t\t<\/div>\n\t\t<div class=\"elementor-element elementor-element-c2c790b e-flex e-con-boxed e-con e-parent\" data-id=\"c2c790b\" data-element_type=\"container\">\n\t\t\t\t\t<div class=\"e-con-inner\">\n\t\t\t\t\t<\/div>\n\t\t\t\t<\/div>\n\t\t\t\t<\/div>\n\t\t","protected":false},"excerpt":{"rendered":"<p>Trouvez des commerces et initiatives locales qui vous ressemblent et rencontrez des femmes inspirantes. \ud83d\udcbc Les partenaires des Uccloises : Boutiques, restaurants &amp; cr\u00e9atrices locales Artistes &amp; musiciens de la r\u00e9gion Entrepreneurs &amp; services de proximit\u00e9 \ud83d\udce2 Success Stories : D\u00e9couvrez les parcours d\u2019Uccloises qui font bouger notre communaut\u00e9.<\/p>\n","protected":false},"author":1,"featured_media":0,"parent":0,"menu_order":0,"comment_status":"closed","ping_status":"closed","template":"","meta":{"footnotes":""},"class_list":["post-6795","page","type-page","status-publish","hentry"],"featured_media_urls":[],"_links":{"self":[{"href":"https:\/\/lesuccloises.be\/index.php\/wp-json\/wp\/v2\/pages\/6795","targetHints":{"allow":["GET"]}}],"collection":[{"href":"https:\/\/lesuccloises.be\/index.php\/wp-json\/wp\/v2\/pages"}],"about":[{"href":"https:\/\/lesuccloises.be\/index.php\/wp-json\/wp\/v2\/types\/page"}],"author":[{"embeddable":true,"href":"https:\/\/lesuccloises.be\/index.php\/wp-json\/wp\/v2\/users\/1"}],"replies":[{"embeddable":true,"href":"https:\/\/lesuccloises.be\/index.php\/wp-json\/wp\/v2\/comments?post=6795"}],"version-history":[{"count":4,"href":"https:\/\/lesuccloises.be\/index.php\/wp-json\/wp\/v2\/pages\/6795\/revisions"}],"predecessor-version":[{"id":6800,"href":"https:\/\/lesuccloises.be\/index.php\/wp-json\/wp\/v2\/pages\/6795\/revisions\/6800"}],"wp:attachment":[{"href":"https:\/\/lesuccloises.be\/index.php\/wp-json\/wp\/v2\/media?parent=6795"}],"curies":[{"name":"wp","href":"https:\/\/api.w.org\/{rel}","templated":true}]}}