{"id":6789,"date":"2025-03-14T10:28:10","date_gmt":"2025-03-14T09:28:10","guid":{"rendered":"https:\/\/lesuccloises.be\/?page_id=6789"},"modified":"2025-03-14T11:18:43","modified_gmt":"2025-03-14T10:18:43","slug":"learn","status":"publish","type":"page","link":"https:\/\/lesuccloises.be\/index.php\/learn\/","title":{"rendered":"LEARN."},"content":{"rendered":"\t\t<div data-elementor-type=\"wp-page\" data-elementor-id=\"6789\" class=\"elementor elementor-6789\" data-elementor-post-type=\"page\">\n\t\t\t\t<div class=\"elementor-element elementor-element-94db153 e-grid e-con-boxed e-con e-parent\" data-id=\"94db153\" data-element_type=\"container\">\n\t\t\t\t\t<div class=\"e-con-inner\">\n\t\t\t\t<div class=\"elementor-element elementor-element-13d3a3f elementor-widget elementor-widget-text-editor\" data-id=\"13d3a3f\" data-element_type=\"widget\" data-widget_type=\"text-editor.default\">\n\t\t\t\t<div class=\"elementor-widget-container\">\n\t\t\t\t\t\t\t\t\t<p data-pm-slice=\"1 1 []\">Envie d\u2019apprendre, de vous former ou de d\u00e9velopper votre projet ? Les Uccloises vous proposent <strong>des formations et ateliers pratiques<\/strong> anim\u00e9s par des expertes.<\/p><p>\ud83d\udccc <strong>Nos formations \u00e0 venir :<\/strong><\/p><ul><li>Relations Presse &amp; Communication pour entrepreneures<\/li><li>Strat\u00e9gie digitale &amp; R\u00e9seaux sociaux<\/li><li>Bien-\u00eatre et d\u00e9veloppement personnel<\/li><\/ul><p>\ud83d\udcdd <strong>Int\u00e9rress\u00e9e? Envoyez-nous un message d\u00e8s maintenant!<\/strong><\/p><p>\ud83d\udcda <strong>Conseils &amp; ressources<\/strong>: Articles et vid\u00e9os pour progresser \u00e0 votre rythme.<\/p><div><hr \/><\/div><h4>\u00a0<\/h4>\t\t\t\t\t\t\t\t<\/div>\n\t\t\t\t<\/div>\n\t\t\t\t<div class=\"elementor-element elementor-element-da3654e elementor-widget elementor-widget-image\" data-id=\"da3654e\" data-element_type=\"widget\" data-widget_type=\"image.default\">\n\t\t\t\t<div class=\"elementor-widget-container\">\n\t\t\t\t\t\t\t\t\t\t\t\t\t\t\t<img fetchpriority=\"high\" decoding=\"async\" width=\"640\" height=\"640\" src=\"https:\/\/lesuccloises.be\/wp-content\/uploads\/2025\/03\/Learn.png\" class=\"attachment-large size-large wp-image-6740\" alt=\"\" srcset=\"https:\/\/lesuccloises.be\/wp-content\/uploads\/2025\/03\/Learn.png 640w, https:\/\/lesuccloises.be\/wp-content\/uploads\/2025\/03\/Learn-300x300.png 300w, https:\/\/lesuccloises.be\/wp-content\/uploads\/2025\/03\/Learn-150x150.png 150w, https:\/\/lesuccloises.be\/wp-content\/uploads\/2025\/03\/Learn-600x600.png 600w\" sizes=\"100vw\" \/>\t\t\t\t\t\t\t\t\t\t\t\t\t\t\t<\/div>\n\t\t\t\t<\/div>\n\t\t\t\t\t<\/div>\n\t\t\t\t<\/div>\n\t\t<div class=\"elementor-element elementor-element-621f3d1 e-flex e-con-boxed e-con e-parent\" data-id=\"621f3d1\" data-element_type=\"container\">\n\t\t\t\t\t<div class=\"e-con-inner\">\n\t\t\t\t\t<\/div>\n\t\t\t\t<\/div>\n\t\t\t\t<\/div>\n\t\t","protected":false},"excerpt":{"rendered":"<p>Envie d\u2019apprendre, de vous former ou de d\u00e9velopper votre projet ? Les Uccloises vous proposent des formations et ateliers pratiques anim\u00e9s par des expertes. \ud83d\udccc Nos formations \u00e0 venir : Relations Presse &amp; Communication pour entrepreneures Strat\u00e9gie digitale &amp; R\u00e9seaux sociaux Bien-\u00eatre et d\u00e9veloppement personnel \ud83d\udcdd Int\u00e9rress\u00e9e? Envoyez-nous un message d\u00e8s maintenant! \ud83d\udcda Conseils &amp; &hellip; <\/p>\n<p class=\"link-more\"><a href=\"https:\/\/lesuccloises.be\/index.php\/learn\/\" class=\"more-link\">Lire la suite de<span class=\"screen-reader-text\">\u00ab\u00a0LEARN.\u00a0\u00bb<\/span><\/a><\/p>\n","protected":false},"author":1,"featured_media":0,"parent":0,"menu_order":0,"comment_status":"closed","ping_status":"closed","template":"","meta":{"footnotes":""},"class_list":["post-6789","page","type-page","status-publish","hentry"],"featured_media_urls":[],"_links":{"self":[{"href":"https:\/\/lesuccloises.be\/index.php\/wp-json\/wp\/v2\/pages\/6789","targetHints":{"allow":["GET"]}}],"collection":[{"href":"https:\/\/lesuccloises.be\/index.php\/wp-json\/wp\/v2\/pages"}],"about":[{"href":"https:\/\/lesuccloises.be\/index.php\/wp-json\/wp\/v2\/types\/page"}],"author":[{"embeddable":true,"href":"https:\/\/lesuccloises.be\/index.php\/wp-json\/wp\/v2\/users\/1"}],"replies":[{"embeddable":true,"href":"https:\/\/lesuccloises.be\/index.php\/wp-json\/wp\/v2\/comments?post=6789"}],"version-history":[{"count":13,"href":"https:\/\/lesuccloises.be\/index.php\/wp-json\/wp\/v2\/pages\/6789\/revisions"}],"predecessor-version":[{"id":6826,"href":"https:\/\/lesuccloises.be\/index.php\/wp-json\/wp\/v2\/pages\/6789\/revisions\/6826"}],"wp:attachment":[{"href":"https:\/\/lesuccloises.be\/index.php\/wp-json\/wp\/v2\/media?parent=6789"}],"curies":[{"name":"wp","href":"https:\/\/api.w.org\/{rel}","templated":true}]}}