{"id":6783,"date":"2025-03-14T10:20:48","date_gmt":"2025-03-14T09:20:48","guid":{"rendered":"https:\/\/lesuccloises.be\/?page_id=6783"},"modified":"2025-03-14T10:33:02","modified_gmt":"2025-03-14T09:33:02","slug":"meet","status":"publish","type":"page","link":"https:\/\/lesuccloises.be\/index.php\/meet\/","title":{"rendered":"MEET."},"content":{"rendered":"\t\t<div data-elementor-type=\"wp-page\" data-elementor-id=\"6783\" class=\"elementor elementor-6783\" data-elementor-post-type=\"page\">\n\t\t\t\t<div class=\"elementor-element elementor-element-6829590 e-grid e-con-boxed e-con e-parent\" data-id=\"6829590\" data-element_type=\"container\">\n\t\t\t\t\t<div class=\"e-con-inner\">\n\t\t\t\t<div class=\"elementor-element elementor-element-7259482 elementor-widget elementor-widget-text-editor\" data-id=\"7259482\" data-element_type=\"widget\" data-widget_type=\"text-editor.default\">\n\t\t\t\t<div class=\"elementor-widget-container\">\n\t\t\t\t\t\t\t\t\t<p>Les Uccloises aiment se retrouver ! Retrouvez ici nos \u00e9v\u00e9nements \u00e0 venir, notamment nos <strong>Ap\u00e9r\u00d4\u2019s Guinguette<\/strong>. Ces soir\u00e9es festives allient musique live, gastronomie locale et convivialit\u00e9.<\/p><p>\ud83d\udcc5 <strong>Agenda des \u00e9v\u00e9nements<\/strong> :<\/p><ul><li><span style=\"color: var( --e-global-color-text ); font-family: var( --e-global-typography-text-font-family ), Sans-serif; font-weight: var( --e-global-typography-text-font-weight ); text-align: var(--text-align);\">16 mai 2025 \u2013 Ap\u00e9r\u00d4 Guinguette \u00e0 la Ferme Rose<\/span><\/li><li><span style=\"color: var( --e-global-color-text ); font-family: var( --e-global-typography-text-font-family ), Sans-serif; font-weight: var( --e-global-typography-text-font-weight ); text-align: var(--text-align);\">30 mai 2025 \u2013 Ap\u00e9r\u00d4 Guinguette<\/span><\/li><li><span style=\"color: var( --e-global-color-text ); font-family: var( --e-global-typography-text-font-family ), Sans-serif; font-weight: var( --e-global-typography-text-font-weight ); text-align: var(--text-align);\">6 juin 2025 \u2013 Ap\u00e9r\u00d4 Guinguette<\/span><\/li><li><span style=\"color: var( --e-global-color-text ); font-family: var( --e-global-typography-text-font-family ), Sans-serif; font-weight: var( --e-global-typography-text-font-weight ); text-align: var(--text-align);\">20 juin 2025 \u2013 Ap\u00e9r\u00d4 Guinguette<\/span><\/li><li><span style=\"color: var( --e-global-color-text ); font-family: var( --e-global-typography-text-font-family ), Sans-serif; font-weight: var( --e-global-typography-text-font-weight ); text-align: var(--text-align);\">4 juillet 2025 \u2013 Ap\u00e9r\u00d4 Guinguette<\/span><\/li><li><span style=\"color: var( --e-global-color-text ); font-family: var( --e-global-typography-text-font-family ), Sans-serif; font-weight: var( --e-global-typography-text-font-weight ); text-align: var(--text-align);\">5 septembre 2025 \u2013 Ap\u00e9r\u00d4 Guinguette de rentr\u00e9e<\/span><\/li><\/ul><p>\ud83c\udfb6 <strong>Programmation musicale et foodtrucks \u00e0 d\u00e9couvrir bient\u00f4t !<\/strong><\/p><p>\ud83d\udd17 <strong>Retrouvez nos \u00e9v\u00e9nements sur Facebook pour plus de d\u00e9tails et inscription !<\/strong><\/p>\t\t\t\t\t\t\t\t<\/div>\n\t\t\t\t<\/div>\n\t\t\t\t<div class=\"elementor-element elementor-element-ce4b6fe elementor-widget elementor-widget-image\" data-id=\"ce4b6fe\" data-element_type=\"widget\" data-widget_type=\"image.default\">\n\t\t\t\t<div class=\"elementor-widget-container\">\n\t\t\t\t\t\t\t\t\t\t\t\t\t\t\t<img fetchpriority=\"high\" decoding=\"async\" width=\"640\" height=\"640\" src=\"https:\/\/lesuccloises.be\/wp-content\/uploads\/2025\/03\/Meet.png\" class=\"attachment-large size-large wp-image-6741\" alt=\"\" srcset=\"https:\/\/lesuccloises.be\/wp-content\/uploads\/2025\/03\/Meet.png 640w, https:\/\/lesuccloises.be\/wp-content\/uploads\/2025\/03\/Meet-300x300.png 300w, https:\/\/lesuccloises.be\/wp-content\/uploads\/2025\/03\/Meet-150x150.png 150w, https:\/\/lesuccloises.be\/wp-content\/uploads\/2025\/03\/Meet-600x600.png 600w\" sizes=\"100vw\" \/>\t\t\t\t\t\t\t\t\t\t\t\t\t\t\t<\/div>\n\t\t\t\t<\/div>\n\t\t\t\t\t<\/div>\n\t\t\t\t<\/div>\n\t\t<div class=\"elementor-element elementor-element-84d436a e-flex e-con-boxed e-con e-parent\" data-id=\"84d436a\" data-element_type=\"container\">\n\t\t\t\t\t<div class=\"e-con-inner\">\n\t\t\t\t\t<\/div>\n\t\t\t\t<\/div>\n\t\t\t\t<\/div>\n\t\t","protected":false},"excerpt":{"rendered":"<p>Les Uccloises aiment se retrouver ! Retrouvez ici nos \u00e9v\u00e9nements \u00e0 venir, notamment nos Ap\u00e9r\u00d4\u2019s Guinguette. Ces soir\u00e9es festives allient musique live, gastronomie locale et convivialit\u00e9. \ud83d\udcc5 Agenda des \u00e9v\u00e9nements : 16 mai 2025 \u2013 Ap\u00e9r\u00d4 Guinguette \u00e0 la Ferme Rose 30 mai 2025 \u2013 Ap\u00e9r\u00d4 Guinguette 6 juin 2025 \u2013 Ap\u00e9r\u00d4 Guinguette 20 juin &hellip; <\/p>\n<p class=\"link-more\"><a href=\"https:\/\/lesuccloises.be\/index.php\/meet\/\" class=\"more-link\">Lire la suite de<span class=\"screen-reader-text\">\u00ab\u00a0MEET.\u00a0\u00bb<\/span><\/a><\/p>\n","protected":false},"author":1,"featured_media":0,"parent":0,"menu_order":0,"comment_status":"closed","ping_status":"closed","template":"","meta":{"footnotes":""},"class_list":["post-6783","page","type-page","status-publish","hentry"],"featured_media_urls":[],"_links":{"self":[{"href":"https:\/\/lesuccloises.be\/index.php\/wp-json\/wp\/v2\/pages\/6783","targetHints":{"allow":["GET"]}}],"collection":[{"href":"https:\/\/lesuccloises.be\/index.php\/wp-json\/wp\/v2\/pages"}],"about":[{"href":"https:\/\/lesuccloises.be\/index.php\/wp-json\/wp\/v2\/types\/page"}],"author":[{"embeddable":true,"href":"https:\/\/lesuccloises.be\/index.php\/wp-json\/wp\/v2\/users\/1"}],"replies":[{"embeddable":true,"href":"https:\/\/lesuccloises.be\/index.php\/wp-json\/wp\/v2\/comments?post=6783"}],"version-history":[{"count":7,"href":"https:\/\/lesuccloises.be\/index.php\/wp-json\/wp\/v2\/pages\/6783\/revisions"}],"predecessor-version":[{"id":6803,"href":"https:\/\/lesuccloises.be\/index.php\/wp-json\/wp\/v2\/pages\/6783\/revisions\/6803"}],"wp:attachment":[{"href":"https:\/\/lesuccloises.be\/index.php\/wp-json\/wp\/v2\/media?parent=6783"}],"curies":[{"name":"wp","href":"https:\/\/api.w.org\/{rel}","templated":true}]}}